{"id":198,"date":"2025-12-26T10:52:00","date_gmt":"2025-12-26T10:52:00","guid":{"rendered":"http:\/\/xn--sprzedamnieruchomoci-60d.pl\/?page_id=198"},"modified":"2026-03-25T14:31:30","modified_gmt":"2026-03-25T14:31:30","slug":"sprzedam-dom-miedzy-katowicami-a-krakowem","status":"publish","type":"page","link":"https:\/\/xn--sprzedamnieruchomoci-60d.pl\/index.php\/sprzedam-dom-miedzy-katowicami-a-krakowem\/","title":{"rendered":"Sprzedam dom mi\u0119dzy Katowicami a Krakowem."},"content":{"rendered":"\n<p class=\"has-vivid-red-color has-text-color has-medium-font-size\">Bez po\u015brednika do zamieszkania od zaraz | Mo\u017cliwo\u015b\u0107 zamiany domu na mieszkanie od kawalerki do M5. W Katowicach, Zag\u0142\u0119bie D\u0105browskie.<\/p>\n\n\n\n<p>Na sprzeda\u017c dom na dzia\u0142ce 800 m2 o powierzchni u\u017cytkowej oko\u0142o 150 m2 zlokalizowany w miejscowo\u015bci Olkusz. W domu jest osiem (8) pokoi, kuchnia, dwie \u0142azienki. Dom mo\u017ce swobodnie zajmowa\u0107 rodzina trzypokoleniowa.<\/p>\n\n\n\n<p>Dwa rodzaje ogrzewania domu: jedno na biec w\u0119glowy, drugie z kominkowym wk\u0142adem wodnym. Urz\u0105dzeniem, kt\u00f3re wsp\u00f3\u0142pracuje z instalacj\u0105 centralnego ogrzewania. Kominek z p\u0142aszczem wodnym niczym nie ust\u0119puje wersji tradycyjnej pod wzgl\u0119dem ekonomicznym i ekologicznym.<\/p>\n\n\n\n<p>Media: woda, pr\u0105d, si\u0142a, gaz, internet, nowoczesny monitoring, odprowadzenie nieczysto\u015bci.<\/p>\n\n\n\n<p>Poza domem na terenie dzia\u0142ki znajduje si\u0119 hala murowana o powierzchni 12m x 8m.<\/p>\n\n\n\n<p>Ca\u0142y teren przylegaj\u0105cy do domu wy\u0142o\u017cony kostk\u0105 brukow\u0105, ogrodzony z posadzonymi Tujami. Brama g\u0142\u00f3wna wjazdowa przestronna na pilota.<\/p>\n\n\n\n<p>Dobra lokalizacja: centrum Olkusza blisko O\u015brodku Zdrowia, \u017b\u0142obek, Szko\u0142a Podstawowa, Szk\u0142a \u015arednia, Sklepy, Poczta, Urz\u0119dy i Ko\u015bcio\u0142y. Nieruchomo\u015b\u0107 dobrze skomunikowana z Katowicami i Krakowem.<\/p>\n\n\n\n<div style=\"height:20px\" aria-hidden=\"true\" class=\"wp-block-spacer\"><\/div>\n\n\n\n<figure class=\"wp-block-gallery has-nested-images columns-default is-cropped wp-block-gallery-1 is-layout-flex wp-block-gallery-is-layout-flex\">\n<figure class=\"wp-block-image size-large\"><img loading=\"lazy\" decoding=\"async\" width=\"1024\" height=\"768\" data-id=\"8\" src=\"http:\/\/xn--sprzedamnieruchomoci-60d.pl\/wp-content\/uploads\/2022\/07\/20220712_133853-1024x768.jpg\" alt=\"2. Do sprzedania dom Ul. Kr\u00f3la Kazimierza Wielkiego 116, 32-300 Olkusz | +48 500 236 541\" class=\"wp-image-8\" srcset=\"https:\/\/xn--sprzedamnieruchomoci-60d.pl\/wp-content\/uploads\/2022\/07\/20220712_133853-1024x768.jpg 1024w, https:\/\/xn--sprzedamnieruchomoci-60d.pl\/wp-content\/uploads\/2022\/07\/20220712_133853-300x225.jpg 300w, https:\/\/xn--sprzedamnieruchomoci-60d.pl\/wp-content\/uploads\/2022\/07\/20220712_133853-768x576.jpg 768w\" sizes=\"auto, (max-width: 1024px) 100vw, 1024px\" \/><figcaption class=\"wp-element-caption\">2. Do sprzedania dom Ul. Kr\u00f3la Kazimierza Wielkiego 116, 32-300 Olkusz | +48 500 236 541<\/figcaption><\/figure>\n\n\n\n<figure class=\"wp-block-image size-large\"><img loading=\"lazy\" decoding=\"async\" width=\"693\" height=\"924\" data-id=\"90\" src=\"http:\/\/xn--sprzedamnieruchomoci-60d.pl\/wp-content\/uploads\/2022\/07\/20220607_171305.jpg\" alt=\"1. Do sprzedania dom Ul. Kr\u00f3la Kazimierza Wielkiego 116, 32-300 Olkusz | +48 500 236 541\" class=\"wp-image-90\" srcset=\"https:\/\/xn--sprzedamnieruchomoci-60d.pl\/wp-content\/uploads\/2022\/07\/20220607_171305.jpg 693w, https:\/\/xn--sprzedamnieruchomoci-60d.pl\/wp-content\/uploads\/2022\/07\/20220607_171305-225x300.jpg 225w\" sizes=\"auto, (max-width: 693px) 100vw, 693px\" \/><figcaption class=\"wp-element-caption\">1. Do sprzedania dom Ul. Kr\u00f3la Kazimierza Wielkiego 116, 32-300 Olkusz | +48 500 236 541<\/figcaption><\/figure>\n\n\n\n<figure class=\"wp-block-image size-large\"><img loading=\"lazy\" decoding=\"async\" width=\"693\" height=\"924\" data-id=\"84\" src=\"http:\/\/xn--sprzedamnieruchomoci-60d.pl\/wp-content\/uploads\/2022\/07\/20220607_171646.jpg\" alt=\"4. Do sprzedania dom Ul. Kr\u00f3la Kazimierza Wielkiego 116, 32-300 Olkusz | +48 500 236 541\" class=\"wp-image-84\" srcset=\"https:\/\/xn--sprzedamnieruchomoci-60d.pl\/wp-content\/uploads\/2022\/07\/20220607_171646.jpg 693w, https:\/\/xn--sprzedamnieruchomoci-60d.pl\/wp-content\/uploads\/2022\/07\/20220607_171646-225x300.jpg 225w\" sizes=\"auto, (max-width: 693px) 100vw, 693px\" \/><figcaption class=\"wp-element-caption\">4. Do sprzedania dom Ul. Kr\u00f3la Kazimierza Wielkiego 116, 32-300 Olkusz | +48 500 236 541<\/figcaption><\/figure>\n\n\n\n<figure class=\"wp-block-image size-large\"><img loading=\"lazy\" decoding=\"async\" width=\"1024\" height=\"768\" data-id=\"7\" src=\"http:\/\/xn--sprzedamnieruchomoci-60d.pl\/wp-content\/uploads\/2022\/07\/20220712_133756-1024x768.jpg\" alt=\"3. Do sprzedania dom Ul. Kr\u00f3la Kazimierza Wielkiego 116, 32-300 Olkusz | +48 500 236 541\" class=\"wp-image-7\" srcset=\"https:\/\/xn--sprzedamnieruchomoci-60d.pl\/wp-content\/uploads\/2022\/07\/20220712_133756-1024x768.jpg 1024w, https:\/\/xn--sprzedamnieruchomoci-60d.pl\/wp-content\/uploads\/2022\/07\/20220712_133756-300x225.jpg 300w, https:\/\/xn--sprzedamnieruchomoci-60d.pl\/wp-content\/uploads\/2022\/07\/20220712_133756-768x576.jpg 768w, https:\/\/xn--sprzedamnieruchomoci-60d.pl\/wp-content\/uploads\/2022\/07\/20220712_133756-2048x1536.jpg 2048w, https:\/\/xn--sprzedamnieruchomoci-60d.pl\/wp-content\/uploads\/2022\/07\/20220712_133756-600x450.jpg 600w\" sizes=\"auto, (max-width: 1024px) 100vw, 1024px\" \/><figcaption class=\"wp-element-caption\">3. Do sprzedania dom Ul. Kr\u00f3la Kazimierza Wielkiego 116, 32-300 Olkusz | +48 500 236 541<\/figcaption><\/figure>\n\n\n\n<figure class=\"wp-block-image size-large\"><img loading=\"lazy\" decoding=\"async\" width=\"693\" height=\"924\" data-id=\"422\" src=\"http:\/\/xn--sprzedamnieruchomoci-60d.pl\/wp-content\/uploads\/2024\/07\/20220607_171136.jpg\" alt=\"8. Do sprzedania dom Ul. Kr\u00f3la Kazimierza Wielkiego 116, 32-300\" class=\"wp-image-422\" srcset=\"https:\/\/xn--sprzedamnieruchomoci-60d.pl\/wp-content\/uploads\/2024\/07\/20220607_171136.jpg 693w, https:\/\/xn--sprzedamnieruchomoci-60d.pl\/wp-content\/uploads\/2024\/07\/20220607_171136-225x300.jpg 225w\" sizes=\"auto, (max-width: 693px) 100vw, 693px\" \/><figcaption class=\"wp-element-caption\">8. Do sprzedania dom Ul. Kr\u00f3la Kazimierza Wielkiego 116, 32-300 <\/figcaption><\/figure>\n\n\n\n<figure class=\"wp-block-image size-large\"><img loading=\"lazy\" decoding=\"async\" width=\"693\" height=\"924\" data-id=\"91\" src=\"http:\/\/xn--sprzedamnieruchomoci-60d.pl\/wp-content\/uploads\/2022\/07\/20220607_171340.jpg\" alt=\"5. Do sprzedania dom Ul. Kr\u00f3la Kazimierza Wielkiego 116, 32-300 Olkusz | +48 500 236 541\" class=\"wp-image-91\" srcset=\"https:\/\/xn--sprzedamnieruchomoci-60d.pl\/wp-content\/uploads\/2022\/07\/20220607_171340.jpg 693w, https:\/\/xn--sprzedamnieruchomoci-60d.pl\/wp-content\/uploads\/2022\/07\/20220607_171340-225x300.jpg 225w\" sizes=\"auto, (max-width: 693px) 100vw, 693px\" \/><figcaption class=\"wp-element-caption\">5. Do sprzedania dom Ul. Kr\u00f3la Kazimierza Wielkiego 116, 32-300 Olkusz | +48 500 236 541<\/figcaption><\/figure>\n\n\n\n<figure class=\"wp-block-image size-large\"><img loading=\"lazy\" decoding=\"async\" width=\"693\" height=\"924\" data-id=\"110\" src=\"http:\/\/xn--sprzedamnieruchomoci-60d.pl\/wp-content\/uploads\/2022\/07\/20220607_171024.jpg\" alt=\"6. Do sprzedania dom Ul. Kr\u00f3la Kazimierza Wielkiego 116, 32-300 Olkusz | +48 500 236 541\" class=\"wp-image-110\" srcset=\"https:\/\/xn--sprzedamnieruchomoci-60d.pl\/wp-content\/uploads\/2022\/07\/20220607_171024.jpg 693w, https:\/\/xn--sprzedamnieruchomoci-60d.pl\/wp-content\/uploads\/2022\/07\/20220607_171024-225x300.jpg 225w\" sizes=\"auto, (max-width: 693px) 100vw, 693px\" \/><figcaption class=\"wp-element-caption\">6. Do sprzedania dom Ul. Kr\u00f3la Kazimierza Wielkiego 116, 32-300 Olkusz | +48 500 236 541<\/figcaption><\/figure>\n\n\n\n<figure class=\"wp-block-image size-large\"><img loading=\"lazy\" decoding=\"async\" width=\"693\" height=\"924\" data-id=\"92\" src=\"http:\/\/xn--sprzedamnieruchomoci-60d.pl\/wp-content\/uploads\/2022\/07\/20220607_171115.jpg\" alt=\"7. Do sprzedania dom Ul. Kr\u00f3la Kazimierza Wielkiego 116, 32-300 Olkusz | +48 500 236 541\" class=\"wp-image-92\" srcset=\"https:\/\/xn--sprzedamnieruchomoci-60d.pl\/wp-content\/uploads\/2022\/07\/20220607_171115.jpg 693w, https:\/\/xn--sprzedamnieruchomoci-60d.pl\/wp-content\/uploads\/2022\/07\/20220607_171115-225x300.jpg 225w\" sizes=\"auto, (max-width: 693px) 100vw, 693px\" \/><figcaption class=\"wp-element-caption\">7. Do sprzedania dom Ul. Kr\u00f3la Kazimierza Wielkiego 116, 32-300 Olkusz | +48 500 236 541<\/figcaption><\/figure>\n\n\n\n<figure class=\"wp-block-image size-large\"><img loading=\"lazy\" decoding=\"async\" width=\"768\" height=\"1024\" data-id=\"6\" src=\"http:\/\/xn--sprzedamnieruchomoci-60d.pl\/wp-content\/uploads\/2022\/07\/20220712_133517-768x1024.jpg\" alt=\"1. Sprzedam dom w Olkuszu | Parter +48 500 236 541\" class=\"wp-image-6\" srcset=\"https:\/\/xn--sprzedamnieruchomoci-60d.pl\/wp-content\/uploads\/2022\/07\/20220712_133517-768x1024.jpg 768w, https:\/\/xn--sprzedamnieruchomoci-60d.pl\/wp-content\/uploads\/2022\/07\/20220712_133517-225x300.jpg 225w, https:\/\/xn--sprzedamnieruchomoci-60d.pl\/wp-content\/uploads\/2022\/07\/20220712_133517-1536x2048.jpg 1536w, https:\/\/xn--sprzedamnieruchomoci-60d.pl\/wp-content\/uploads\/2022\/07\/20220712_133517-scaled.jpg 1920w\" sizes=\"auto, (max-width: 768px) 100vw, 768px\" \/><figcaption class=\"wp-element-caption\">1. Sprzedam dom w Olkuszu | Parter +48 500 236 541<\/figcaption><\/figure>\n\n\n\n<figure class=\"wp-block-image size-large\"><img loading=\"lazy\" decoding=\"async\" width=\"768\" height=\"1024\" data-id=\"320\" src=\"http:\/\/xn--sprzedamnieruchomoci-60d.pl\/wp-content\/uploads\/2023\/08\/20230813_100753-768x1024.jpg\" alt=\"2. Sprzedam dom w Olkuszu | Parter +48 500 236 541\" class=\"wp-image-320\" srcset=\"https:\/\/xn--sprzedamnieruchomoci-60d.pl\/wp-content\/uploads\/2023\/08\/20230813_100753-768x1024.jpg 768w, https:\/\/xn--sprzedamnieruchomoci-60d.pl\/wp-content\/uploads\/2023\/08\/20230813_100753-225x300.jpg 225w, https:\/\/xn--sprzedamnieruchomoci-60d.pl\/wp-content\/uploads\/2023\/08\/20230813_100753-1536x2048.jpg 1536w, https:\/\/xn--sprzedamnieruchomoci-60d.pl\/wp-content\/uploads\/2023\/08\/20230813_100753-scaled.jpg 1920w\" sizes=\"auto, (max-width: 768px) 100vw, 768px\" \/><figcaption class=\"wp-element-caption\">2. Sprzedam dom w Olkuszu | Parter +48 500 236 541<\/figcaption><\/figure>\n\n\n\n<figure class=\"wp-block-image size-large\"><img loading=\"lazy\" decoding=\"async\" width=\"693\" height=\"924\" data-id=\"94\" src=\"http:\/\/xn--sprzedamnieruchomoci-60d.pl\/wp-content\/uploads\/2022\/07\/20220607_170938.jpg\" alt=\"3. Sprzedam dom w Olkuszu | Parter kuchnia +48 500 236 541\" class=\"wp-image-94\" srcset=\"https:\/\/xn--sprzedamnieruchomoci-60d.pl\/wp-content\/uploads\/2022\/07\/20220607_170938.jpg 693w, https:\/\/xn--sprzedamnieruchomoci-60d.pl\/wp-content\/uploads\/2022\/07\/20220607_170938-225x300.jpg 225w\" sizes=\"auto, (max-width: 693px) 100vw, 693px\" \/><figcaption class=\"wp-element-caption\">3. Sprzedam dom w Olkuszu | Parter kuchnia +48 500 236 541<\/figcaption><\/figure>\n\n\n\n<figure class=\"wp-block-image size-large\"><img loading=\"lazy\" decoding=\"async\" width=\"693\" height=\"924\" data-id=\"93\" src=\"http:\/\/xn--sprzedamnieruchomoci-60d.pl\/wp-content\/uploads\/2022\/07\/20220607_170930-e1710497750794.jpg\" alt=\"2. Sprzedam dom w Olkuszu | Parter +48 500 236 541\" class=\"wp-image-93\" srcset=\"https:\/\/xn--sprzedamnieruchomoci-60d.pl\/wp-content\/uploads\/2022\/07\/20220607_170930-e1710497750794.jpg 693w, https:\/\/xn--sprzedamnieruchomoci-60d.pl\/wp-content\/uploads\/2022\/07\/20220607_170930-e1710497750794-225x300.jpg 225w\" sizes=\"auto, (max-width: 693px) 100vw, 693px\" \/><figcaption class=\"wp-element-caption\">2. Sprzedam dom w Olkuszu | Parter +48 500 236 541<\/figcaption><\/figure>\n\n\n\n<figure class=\"wp-block-image size-large\"><img loading=\"lazy\" decoding=\"async\" width=\"768\" height=\"1024\" data-id=\"321\" src=\"http:\/\/xn--sprzedamnieruchomoci-60d.pl\/wp-content\/uploads\/2023\/08\/20230824_110723-1-768x1024.jpg\" alt=\"6. Sprzedam dom w Olkuszu | Klatka schodowa +48 500 236 541\" class=\"wp-image-321\" srcset=\"https:\/\/xn--sprzedamnieruchomoci-60d.pl\/wp-content\/uploads\/2023\/08\/20230824_110723-1-768x1024.jpg 768w, https:\/\/xn--sprzedamnieruchomoci-60d.pl\/wp-content\/uploads\/2023\/08\/20230824_110723-1-225x300.jpg 225w, https:\/\/xn--sprzedamnieruchomoci-60d.pl\/wp-content\/uploads\/2023\/08\/20230824_110723-1-1536x2048.jpg 1536w, https:\/\/xn--sprzedamnieruchomoci-60d.pl\/wp-content\/uploads\/2023\/08\/20230824_110723-1-scaled.jpg 1920w\" sizes=\"auto, (max-width: 768px) 100vw, 768px\" \/><figcaption class=\"wp-element-caption\">6. Sprzedam dom w Olkuszu | Klatka schodowa +48 500 236 541<\/figcaption><\/figure>\n\n\n\n<figure class=\"wp-block-image size-large\"><img loading=\"lazy\" decoding=\"async\" width=\"768\" height=\"1024\" data-id=\"319\" src=\"http:\/\/xn--sprzedamnieruchomoci-60d.pl\/wp-content\/uploads\/2023\/08\/20230824_110640-768x1024.jpg\" alt=\"4. Sprzedam dom w Olkuszu | Klatka schodowa +48 500 236 541\" class=\"wp-image-319\" srcset=\"https:\/\/xn--sprzedamnieruchomoci-60d.pl\/wp-content\/uploads\/2023\/08\/20230824_110640-768x1024.jpg 768w, https:\/\/xn--sprzedamnieruchomoci-60d.pl\/wp-content\/uploads\/2023\/08\/20230824_110640-225x300.jpg 225w, https:\/\/xn--sprzedamnieruchomoci-60d.pl\/wp-content\/uploads\/2023\/08\/20230824_110640-1536x2048.jpg 1536w, https:\/\/xn--sprzedamnieruchomoci-60d.pl\/wp-content\/uploads\/2023\/08\/20230824_110640-scaled.jpg 1920w\" sizes=\"auto, (max-width: 768px) 100vw, 768px\" \/><figcaption class=\"wp-element-caption\">4. Sprzedam dom w Olkuszu | Klatka schodowa +48 500 236 541<\/figcaption><\/figure>\n\n\n\n<figure class=\"wp-block-image size-large\"><img loading=\"lazy\" decoding=\"async\" width=\"768\" height=\"1024\" data-id=\"318\" src=\"http:\/\/xn--sprzedamnieruchomoci-60d.pl\/wp-content\/uploads\/2023\/08\/20230824_110702-1-768x1024.jpg\" alt=\"4. Sprzedam dom w Olkuszu | Parter klatka schodowa +48 500 236 541\" class=\"wp-image-318\" srcset=\"https:\/\/xn--sprzedamnieruchomoci-60d.pl\/wp-content\/uploads\/2023\/08\/20230824_110702-1-768x1024.jpg 768w, https:\/\/xn--sprzedamnieruchomoci-60d.pl\/wp-content\/uploads\/2023\/08\/20230824_110702-1-225x300.jpg 225w, https:\/\/xn--sprzedamnieruchomoci-60d.pl\/wp-content\/uploads\/2023\/08\/20230824_110702-1-1536x2048.jpg 1536w, https:\/\/xn--sprzedamnieruchomoci-60d.pl\/wp-content\/uploads\/2023\/08\/20230824_110702-1-scaled.jpg 1920w\" sizes=\"auto, (max-width: 768px) 100vw, 768px\" \/><figcaption class=\"wp-element-caption\">4. Sprzedam dom w Olkuszu | Parter klatka schodowa +48 500 236 541<\/figcaption><\/figure>\n\n\n\n<figure class=\"wp-block-image size-large\"><img loading=\"lazy\" decoding=\"async\" width=\"693\" height=\"924\" data-id=\"58\" src=\"http:\/\/xn--sprzedamnieruchomoci-60d.pl\/wp-content\/uploads\/2022\/07\/20220607_170834-1.jpg\" alt=\"2. Sprzedam dom w Olkuszu | Pierwsze Pi\u0119tro +48 500 236 541\" class=\"wp-image-58\" srcset=\"https:\/\/xn--sprzedamnieruchomoci-60d.pl\/wp-content\/uploads\/2022\/07\/20220607_170834-1.jpg 693w, https:\/\/xn--sprzedamnieruchomoci-60d.pl\/wp-content\/uploads\/2022\/07\/20220607_170834-1-225x300.jpg 225w\" sizes=\"auto, (max-width: 693px) 100vw, 693px\" \/><figcaption class=\"wp-element-caption\">2. Sprzedam dom w Olkuszu | Pierwsze Pi\u0119tro +48 500 236 541<\/figcaption><\/figure>\n\n\n\n<figure class=\"wp-block-image size-large\"><img loading=\"lazy\" decoding=\"async\" width=\"693\" height=\"924\" data-id=\"59\" src=\"http:\/\/xn--sprzedamnieruchomoci-60d.pl\/wp-content\/uploads\/2022\/07\/20220607_170823.jpg\" alt=\"1. Sprzedam dom w Olkuszu | Pierwsze Pi\u0119tro +48 500 236 541\" class=\"wp-image-59\" srcset=\"https:\/\/xn--sprzedamnieruchomoci-60d.pl\/wp-content\/uploads\/2022\/07\/20220607_170823.jpg 693w, https:\/\/xn--sprzedamnieruchomoci-60d.pl\/wp-content\/uploads\/2022\/07\/20220607_170823-225x300.jpg 225w\" sizes=\"auto, (max-width: 693px) 100vw, 693px\" \/><figcaption class=\"wp-element-caption\">1. Sprzedam dom w Olkuszu | Pierwsze Pi\u0119tro +48 500 236 541<\/figcaption><\/figure>\n\n\n\n<figure class=\"wp-block-image size-large\"><img loading=\"lazy\" decoding=\"async\" width=\"693\" height=\"924\" data-id=\"115\" src=\"http:\/\/xn--sprzedamnieruchomoci-60d.pl\/wp-content\/uploads\/2022\/07\/20220607_170729.jpg\" alt=\"2. Sprzedam dom w Olkuszu | Drugie Pi\u0119tro \u0141azienka +48 500 236 541\" class=\"wp-image-115\" srcset=\"https:\/\/xn--sprzedamnieruchomoci-60d.pl\/wp-content\/uploads\/2022\/07\/20220607_170729.jpg 693w, https:\/\/xn--sprzedamnieruchomoci-60d.pl\/wp-content\/uploads\/2022\/07\/20220607_170729-225x300.jpg 225w\" sizes=\"auto, (max-width: 693px) 100vw, 693px\" \/><figcaption class=\"wp-element-caption\">2. Sprzedam dom w Olkuszu | Drugie Pi\u0119tro \u0141azienka +48 500 236 541<\/figcaption><\/figure>\n\n\n\n<figure class=\"wp-block-image size-large\"><img loading=\"lazy\" decoding=\"async\" width=\"693\" height=\"924\" data-id=\"111\" src=\"http:\/\/xn--sprzedamnieruchomoci-60d.pl\/wp-content\/uploads\/2022\/07\/20220607_170723.jpg\" alt=\"1. Sprzedam dom w Olkuszu | Drugie Pi\u0119tro \u0141azienka +48 500 236 541\" class=\"wp-image-111\" srcset=\"https:\/\/xn--sprzedamnieruchomoci-60d.pl\/wp-content\/uploads\/2022\/07\/20220607_170723.jpg 693w, https:\/\/xn--sprzedamnieruchomoci-60d.pl\/wp-content\/uploads\/2022\/07\/20220607_170723-225x300.jpg 225w\" sizes=\"auto, (max-width: 693px) 100vw, 693px\" \/><figcaption class=\"wp-element-caption\">1. Sprzedam dom w Olkuszu | Drugie Pi\u0119tro \u0141azienka +48 500 236 541<\/figcaption><\/figure>\n\n\n\n<figure class=\"wp-block-image size-large\"><img loading=\"lazy\" decoding=\"async\" width=\"768\" height=\"1024\" data-id=\"113\" src=\"http:\/\/xn--sprzedamnieruchomoci-60d.pl\/wp-content\/uploads\/2022\/07\/20220607_170551-768x1024.jpg\" alt=\"3. Sprzedam dom w Olkuszu | Drugie Pi\u0119tro +48 500 236 541\" class=\"wp-image-113\" srcset=\"https:\/\/xn--sprzedamnieruchomoci-60d.pl\/wp-content\/uploads\/2022\/07\/20220607_170551-768x1024.jpg 768w, https:\/\/xn--sprzedamnieruchomoci-60d.pl\/wp-content\/uploads\/2022\/07\/20220607_170551-225x300.jpg 225w, https:\/\/xn--sprzedamnieruchomoci-60d.pl\/wp-content\/uploads\/2022\/07\/20220607_170551-1536x2048.jpg 1536w, https:\/\/xn--sprzedamnieruchomoci-60d.pl\/wp-content\/uploads\/2022\/07\/20220607_170551-scaled.jpg 1920w\" sizes=\"auto, (max-width: 768px) 100vw, 768px\" \/><figcaption class=\"wp-element-caption\">3. Sprzedam dom w Olkuszu | Drugie Pi\u0119tro +48 500 236 541<\/figcaption><\/figure>\n\n\n\n<figure class=\"wp-block-image size-large\"><img loading=\"lazy\" decoding=\"async\" width=\"693\" height=\"924\" data-id=\"114\" src=\"http:\/\/xn--sprzedamnieruchomoci-60d.pl\/wp-content\/uploads\/2022\/07\/20220607_170507-e1710497714659.jpg\" alt=\"4. Sprzedam dom w Olkuszu | Drugie Pi\u0119tro +48 500 236 541\" class=\"wp-image-114\" srcset=\"https:\/\/xn--sprzedamnieruchomoci-60d.pl\/wp-content\/uploads\/2022\/07\/20220607_170507-e1710497714659.jpg 693w, https:\/\/xn--sprzedamnieruchomoci-60d.pl\/wp-content\/uploads\/2022\/07\/20220607_170507-e1710497714659-225x300.jpg 225w\" sizes=\"auto, (max-width: 693px) 100vw, 693px\" \/><figcaption class=\"wp-element-caption\">4. Sprzedam dom w Olkuszu | Drugie Pi\u0119tro +48 500 236 541<\/figcaption><\/figure>\n\n\n\n<figure class=\"wp-block-image size-large\"><img loading=\"lazy\" decoding=\"async\" width=\"1920\" height=\"2560\" data-id=\"426\" src=\"http:\/\/xn--sprzedamnieruchomoci-60d.pl\/wp-content\/uploads\/2024\/07\/20231121_143735-scaled.jpg\" alt=\"12. Gara\u017c | Warsztat | Hala | Do sprzedania dom Ul. Kr\u00f3la Kazimierza Wielkiego 116, 32-300\" class=\"wp-image-426\" srcset=\"https:\/\/xn--sprzedamnieruchomoci-60d.pl\/wp-content\/uploads\/2024\/07\/20231121_143735-scaled.jpg 1920w, https:\/\/xn--sprzedamnieruchomoci-60d.pl\/wp-content\/uploads\/2024\/07\/20231121_143735-225x300.jpg 225w\" sizes=\"auto, (max-width: 1920px) 100vw, 1920px\" \/><figcaption class=\"wp-element-caption\">12. Gara\u017c | Warsztat | Hala | Do sprzedania dom Ul. Kr\u00f3la Kazimierza Wielkiego 116, 32-300 <\/figcaption><\/figure>\n\n\n\n<figure class=\"wp-block-image size-large\"><img loading=\"lazy\" decoding=\"async\" width=\"768\" height=\"1024\" data-id=\"425\" src=\"http:\/\/xn--sprzedamnieruchomoci-60d.pl\/wp-content\/uploads\/2024\/07\/20231121_143747-768x1024.jpg\" alt=\"11. Gara\u017c | Warsztat | Hala | Do sprzedania dom Ul. Kr\u00f3la Kazimierza Wielkiego 116, 32-300\" class=\"wp-image-425\" srcset=\"https:\/\/xn--sprzedamnieruchomoci-60d.pl\/wp-content\/uploads\/2024\/07\/20231121_143747-768x1024.jpg 768w, https:\/\/xn--sprzedamnieruchomoci-60d.pl\/wp-content\/uploads\/2024\/07\/20231121_143747-225x300.jpg 225w, https:\/\/xn--sprzedamnieruchomoci-60d.pl\/wp-content\/uploads\/2024\/07\/20231121_143747-1152x1536.jpg 1152w, https:\/\/xn--sprzedamnieruchomoci-60d.pl\/wp-content\/uploads\/2024\/07\/20231121_143747-1536x2048.jpg 1536w, https:\/\/xn--sprzedamnieruchomoci-60d.pl\/wp-content\/uploads\/2024\/07\/20231121_143747-scaled.jpg 1920w\" sizes=\"auto, (max-width: 768px) 100vw, 768px\" \/><figcaption class=\"wp-element-caption\">11. Gara\u017c | Warsztat | Hala | Do sprzedania dom Ul. Kr\u00f3la Kazimierza Wielkiego 116, 32-300 <\/figcaption><\/figure>\n\n\n\n<figure class=\"wp-block-image size-large\"><img loading=\"lazy\" decoding=\"async\" width=\"768\" height=\"1024\" data-id=\"424\" src=\"http:\/\/xn--sprzedamnieruchomoci-60d.pl\/wp-content\/uploads\/2024\/07\/20240711_125404-768x1024.jpg\" alt=\"10. Gara\u017c | Warsztat | Hala | Do sprzedania dom Ul. Kr\u00f3la Kazimierza Wielkiego 116, 32-300\" class=\"wp-image-424\" srcset=\"https:\/\/xn--sprzedamnieruchomoci-60d.pl\/wp-content\/uploads\/2024\/07\/20240711_125404-768x1024.jpg 768w, https:\/\/xn--sprzedamnieruchomoci-60d.pl\/wp-content\/uploads\/2024\/07\/20240711_125404-225x300.jpg 225w, https:\/\/xn--sprzedamnieruchomoci-60d.pl\/wp-content\/uploads\/2024\/07\/20240711_125404-1152x1536.jpg 1152w, https:\/\/xn--sprzedamnieruchomoci-60d.pl\/wp-content\/uploads\/2024\/07\/20240711_125404-1536x2048.jpg 1536w, https:\/\/xn--sprzedamnieruchomoci-60d.pl\/wp-content\/uploads\/2024\/07\/20240711_125404-scaled.jpg 1920w\" sizes=\"auto, (max-width: 768px) 100vw, 768px\" \/><figcaption class=\"wp-element-caption\">10. Gara\u017c | Warsztat | Hala | Do sprzedania dom Ul. Kr\u00f3la Kazimierza Wielkiego 116, 32-300 <\/figcaption><\/figure>\n<\/figure>\n\n\n\n<div style=\"height:20px\" aria-hidden=\"true\" class=\"wp-block-spacer\"><\/div>\n\n\n\n<p class=\"has-vivid-red-color has-text-color\" style=\"font-size:30px\"><strong>Teraz nowa cena domu: 1 300 000 z\u0142<\/strong><\/p>\n\n\n\n<p>Do uzgodnienia z w\u0142a\u015bcicielem. Kontakt +48 500 236 541<\/p>\n\n\n\n<p>Informacje zamieszczone w og\u0142oszeniu nie stanowi\u0105 oferty w rozumieniu Kodeksu Cywilnego i maj\u0105 charakter informacyjny.<\/p>\n\n\n\n<p><\/p>\n","protected":false},"excerpt":{"rendered":"<p>Bez po\u015brednika do zamieszkania od zaraz | Mo\u017cliwo\u015b\u0107 zamiany domu na mieszkanie od kawalerki do M5. W Katowicach, Zag\u0142\u0119bie D\u0105browskie. Na sprzeda\u017c dom na dzia\u0142ce 800 m2 o powierzchni u\u017cytkowej oko\u0142o 150 m2 zlokalizowany w miejscowo\u015bci Olkusz. W domu jest osiem (8) pokoi, kuchnia, dwie \u0142azienki. Dom mo\u017ce swobodnie zajmowa\u0107 rodzina trzypokoleniowa. Dwa rodzaje ogrzewania [&hellip;]<\/p>\n","protected":false},"author":1,"featured_media":0,"parent":0,"menu_order":0,"comment_status":"closed","ping_status":"closed","template":"","meta":{"footnotes":""},"class_list":["post-198","page","type-page","status-publish","hentry"],"_links":{"self":[{"href":"https:\/\/xn--sprzedamnieruchomoci-60d.pl\/index.php\/wp-json\/wp\/v2\/pages\/198","targetHints":{"allow":["GET"]}}],"collection":[{"href":"https:\/\/xn--sprzedamnieruchomoci-60d.pl\/index.php\/wp-json\/wp\/v2\/pages"}],"about":[{"href":"https:\/\/xn--sprzedamnieruchomoci-60d.pl\/index.php\/wp-json\/wp\/v2\/types\/page"}],"author":[{"embeddable":true,"href":"https:\/\/xn--sprzedamnieruchomoci-60d.pl\/index.php\/wp-json\/wp\/v2\/users\/1"}],"replies":[{"embeddable":true,"href":"https:\/\/xn--sprzedamnieruchomoci-60d.pl\/index.php\/wp-json\/wp\/v2\/comments?post=198"}],"version-history":[{"count":15,"href":"https:\/\/xn--sprzedamnieruchomoci-60d.pl\/index.php\/wp-json\/wp\/v2\/pages\/198\/revisions"}],"predecessor-version":[{"id":646,"href":"https:\/\/xn--sprzedamnieruchomoci-60d.pl\/index.php\/wp-json\/wp\/v2\/pages\/198\/revisions\/646"}],"wp:attachment":[{"href":"https:\/\/xn--sprzedamnieruchomoci-60d.pl\/index.php\/wp-json\/wp\/v2\/media?parent=198"}],"curies":[{"name":"wp","href":"https:\/\/api.w.org\/{rel}","templated":true}]}}